{"id":217,"date":"2025-07-25T13:34:30","date_gmt":"2025-07-25T06:34:30","guid":{"rendered":"https:\/\/limontravels.com\/?page_id=217"},"modified":"2025-07-28T11:44:24","modified_gmt":"2025-07-28T04:44:24","slug":"home-2","status":"publish","type":"page","link":"https:\/\/limontravels.com\/vi\/","title":{"rendered":"Home 2"},"content":{"rendered":"<div data-elementor-type=\"wp-page\" data-elementor-id=\"217\" class=\"elementor elementor-217\" data-elementor-post-type=\"page\">\n\t\t\t\t<div class=\"elementor-element elementor-element-8a54d2f e-con-full e-flex e-con e-parent\" data-id=\"8a54d2f\" data-element_type=\"container\" data-settings=\"{&quot;background_background&quot;:&quot;video&quot;,&quot;background_video_link&quot;:&quot;https:\\\/\\\/youtu.be\\\/dt8KuKe1bfk?si=f8La4JnMyv8tv-FW&quot;,&quot;background_video_start&quot;:2,&quot;background_video_end&quot;:120,&quot;background_privacy_mode&quot;:&quot;yes&quot;}\">\n\t\t<div class=\"elementor-background-video-container elementor-hidden-mobile\" aria-hidden=\"true\">\n\t\t\t\t\t\t\t<div class=\"elementor-background-video-embed\"><\/div>\n\t\t\t\t\t\t<\/div><div class=\"elementor-element elementor-element-5c8b8a6 e-flex e-con-boxed e-con e-child\" data-id=\"5c8b8a6\" data-element_type=\"container\">\n\t\t\t\t\t<div class=\"e-con-inner\">\n\t\t\t\t<div class=\"elementor-element elementor-element-bb06707 animated-fast elementor-invisible elementor-widget elementor-widget-heading\" data-id=\"bb06707\" data-element_type=\"widget\" data-settings=\"{&quot;_animation&quot;:&quot;zoomIn&quot;}\" data-widget_type=\"heading.default\">\n\t\t\t\t\t<h1 class=\"elementor-heading-title elementor-size-default\">Limon Travels<\/h1>\t\t\t\t<\/div>\n\t\t\t\t<div class=\"elementor-element elementor-element-cb4abe1 animated-fast elementor-invisible elementor-widget elementor-widget-heading\" data-id=\"cb4abe1\" data-element_type=\"widget\" data-settings=\"{&quot;_animation&quot;:&quot;zoomIn&quot;,&quot;_animation_delay&quot;:200}\" data-widget_type=\"heading.default\">\n\t\t\t\t\t<h2 class=\"elementor-heading-title elementor-size-default\">\u0110\u1eb7t v\u00e9 m\u00e1y bay tr\u1ef1c tuy\u1ebfn, gi\u00e1 chu\u1ea9n t\u1eebng gi\u00e2y<\/h2>\t\t\t\t<\/div>\n\t\t\t\t<div class=\"elementor-element elementor-element-c7cab39 animated-fast elementor-invisible elementor-widget elementor-widget-heading\" data-id=\"c7cab39\" data-element_type=\"widget\" data-settings=\"{&quot;_animation&quot;:&quot;zoomIn&quot;,&quot;_animation_delay&quot;:400}\" data-widget_type=\"heading.default\">\n\t\t\t\t\t<p class=\"elementor-heading-title elementor-size-default\">Bay kh\u1eafp n\u01a1i \u2013 T\u00ecm v\u00e9 si\u00eau nhanh \u2013 \u0110\u1eb7t v\u00e9 si\u00eau d\u1ec5<\/p>\t\t\t\t<\/div>\n\t\t\t\t\t<\/div>\n\t\t\t\t<\/div>\n\t\t\t\t<\/div>\n\t\t<div class=\"elementor-element elementor-element-62fb304 e-flex e-con-boxed e-con e-parent\" data-id=\"62fb304\" data-element_type=\"container\">\n\t\t\t\t\t<div class=\"e-con-inner\">\n\t\t<div class=\"elementor-element elementor-element-499a696 e-con-full e-flex e-con e-child\" data-id=\"499a696\" data-element_type=\"container\">\n\t\t\t\t<div class=\"elementor-element elementor-element-b148888 elementor-widget-tablet__width-initial elementor-widget-mobile__width-inherit elementor-widget elementor-widget-heading\" data-id=\"b148888\" data-element_type=\"widget\" data-widget_type=\"heading.default\">\n\t\t\t\t\t<h2 class=\"elementor-heading-title elementor-size-default\">\u0110\u1eb7t v\u00e9 m\u00e1y bay<\/h2>\t\t\t\t<\/div>\n\t\t\t\t<div class=\"elementor-element elementor-element-5b88d4e elementor-widget__width-auto elementor-widget-tablet__width-initial elementor-widget-mobile__width-inherit elementor-widget elementor-widget-html\" data-id=\"5b88d4e\" data-element_type=\"widget\" data-widget_type=\"html.default\">\n\t\t\t\t\t<!DOCTYPE html>\n<html lang=\"en\" style=\"background-color: gray;\">\n\n<head>\n    <meta charset=\"UTF-8\" \/>\n    <meta name=\"viewport\" content=\"width=device-width, initial-scale=1.0\" \/>\n    <title>Flight Search<\/title>\n    <script src=\"https:\/\/abi-ota.nmbooking.vn\/assets\/js\/flight-search-ui\/index.js\" type=\"module\" async><\/script>\n    <link rel=\"stylesheet\" href=\"https:\/\/abi-ota.nmbooking.vn\/assets\/js\/flight-search-ui\/style.css\">\n<\/head>\n\n<body>\n    <div class=\"frame-ticket\" style=\"max-width: 800px;\">\n        <flight-search \n            apikey=\"3ekclcLy52wX4xUARmz35vIPY9JnGpAX\" \n            redirect_uri=\"\/TripSelection.html\" \n            mode=\"online\" \n            language=\"en\"  \n            vertical ischild\n googlefontsurl=\"https:\/\/fonts.googleapis.com\/css2?family=Inter&family=Roboto:ital,wght@0,100..900;1,100..900&display=swap\"\n            font=\"'Inter', system-ui\"\n            color='{\"50\":\"#85c4ff\",\"100\":\"#6cabff\",\"200\":\"#5392ea\",\"300\":\"#3978d0\",\"400\":\"#205fb7\",\"500\":\"#06459d\",\"600\":\"#002b83\",\"700\":\"#00126a\",\"800\":\"#000050\",\"900\":\"#000037\",\"950\":\"#00001e\"}'>\n        <\/flight-search>\n    <\/div>\n<!-- SCRIPT T\u1ef0 \u0110\u1ed8NG CHUY\u1ec2N NG\u00d4N NG\u1eee -->\n    <script>\n        \/\/ \u0110\u1ee3i cho to\u00e0n b\u1ed9 n\u1ed9i dung trang \u0111\u01b0\u1ee3c t\u1ea3i xong\n        document.addEventListener('DOMContentLoaded', function() {\n            \/\/ T\u00ecm ph\u1ea7n t\u1eed flight-search\n            const flightSearchElement = document.querySelector('flight-search');\n\n            \/\/ L\u1ea5y th\u00f4ng tin t\u1eeb URL hi\u1ec7n t\u1ea1i\n            const hostname = window.location.hostname; \/\/ v\u00ed d\u1ee5: \"limontravels.com\"\n            const pathname = window.location.pathname; \/\/ v\u00ed d\u1ee5: \"\/en\/about-us\" ho\u1eb7c \"\/\"\n\n            \/\/ Ki\u1ec3m tra n\u1ebfu trang web l\u00e0 limontravels.com\n            if (hostname.includes('limontravels.com')) {\n                \/\/ N\u1ebfu \u0111\u01b0\u1eddng d\u1eabn b\u1eaft \u0111\u1ea7u b\u1eb1ng '\/en'\n                if (pathname.startsWith('\/vi')) {\n                    \/\/ \u0110\u1eb7t ng\u00f4n ng\u1eef l\u00e0 ti\u1ebfng Anh\n                    flightSearchElement.setAttribute('language', 'vi');\n                } else {\n                    \/\/ N\u1ebfu kh\u00f4ng, m\u1eb7c \u0111\u1ecbnh l\u00e0 ti\u1ebfng Vi\u1ec7t\n                    flightSearchElement.setAttribute('language', 'en');\n                }\n            }\n        });\n    <\/script>\n<\/body>\n\n<\/html>\n\t\t\t\t<\/div>\n\t\t\t\t<\/div>\n\t\t\t\t\t<\/div>\n\t\t\t\t<\/div>\n\t\t<div class=\"elementor-element elementor-element-9502f42 e-flex e-con-boxed e-con e-parent\" data-id=\"9502f42\" data-element_type=\"container\">\n\t\t\t\t\t<div class=\"e-con-inner\">\n\t\t\t\t<div class=\"elementor-element elementor-element-c525388 elementor-widget elementor-widget-heading\" data-id=\"c525388\" data-element_type=\"widget\" data-widget_type=\"heading.default\">\n\t\t\t\t\t<h2 class=\"elementor-heading-title elementor-size-default\">V\u00ec sao h\u00e0ng ng\u00e0n kh\u00e1ch h\u00e0ng ch\u1ecdn Limon Travels?<\/h2>\t\t\t\t<\/div>\n\t\t<div class=\"elementor-element elementor-element-d84e7d1 e-grid e-con-full e-con e-child\" data-id=\"d84e7d1\" data-element_type=\"container\">\n\t\t<div class=\"elementor-element elementor-element-12edbe5 e-con-full animated-fast e-flex elementor-invisible e-con e-child\" data-id=\"12edbe5\" data-element_type=\"container\" data-settings=\"{&quot;background_background&quot;:&quot;classic&quot;,&quot;animation&quot;:&quot;zoomIn&quot;}\">\n\t\t\t\t<div class=\"elementor-element elementor-element-e09d70f elementor-view-stacked elementor-shape-circle elementor-position-top elementor-mobile-position-top elementor-widget elementor-widget-icon-box\" data-id=\"e09d70f\" data-element_type=\"widget\" data-widget_type=\"icon-box.default\">\n\t\t\t\t\t\t\t<div class=\"elementor-icon-box-wrapper\">\n\n\t\t\t\t\t\t<div class=\"elementor-icon-box-icon\">\n\t\t\t\t<span  class=\"elementor-icon\">\n\t\t\t\t<i aria-hidden=\"true\" class=\"icon_search-2\"><\/i>\t\t\t\t<\/span>\n\t\t\t<\/div>\n\t\t\t\n\t\t\t\t\t\t<div class=\"elementor-icon-box-content\">\n\n\t\t\t\t\t\t\t\t\t<h3 class=\"elementor-icon-box-title\">\n\t\t\t\t\t\t<span  >\n\t\t\t\t\t\t\tAccurate &amp; Real-Time Flight Data\t\t\t\t\t\t<\/span>\n\t\t\t\t\t<\/h3>\n\t\t\t\t\n\t\t\t\t\t\t\t\t\t<p class=\"elementor-icon-box-description\">\n\t\t\t\t\t\tD\u1eef li\u1ec7u \u0111\u1ed3ng b\u1ed9 tr\u1ef1c ti\u1ebfp t\u1eeb \u0111\u1ea1i l\u00fd c\u1ea5p 1 \u2013 \u0111\u1ea3m b\u1ea3o gi\u00e1 v\u00e9 ch\u00ednh x\u00e1c &amp; c\u1eadp nh\u1eadt t\u1eebng ph\u00fat.\t\t\t\t\t<\/p>\n\t\t\t\t\n\t\t\t<\/div>\n\t\t\t\n\t\t<\/div>\n\t\t\t\t\t\t<\/div>\n\t\t\t\t<\/div>\n\t\t<div class=\"elementor-element elementor-element-58e2872 e-con-full animated-fast e-flex elementor-invisible e-con e-child\" data-id=\"58e2872\" data-element_type=\"container\" data-settings=\"{&quot;background_background&quot;:&quot;classic&quot;,&quot;animation&quot;:&quot;zoomIn&quot;,&quot;animation_delay&quot;:200}\">\n\t\t\t\t<div class=\"elementor-element elementor-element-5ae6529 elementor-view-stacked elementor-shape-circle elementor-position-top elementor-mobile-position-top elementor-widget elementor-widget-icon-box\" data-id=\"5ae6529\" data-element_type=\"widget\" data-widget_type=\"icon-box.default\">\n\t\t\t\t\t\t\t<div class=\"elementor-icon-box-wrapper\">\n\n\t\t\t\t\t\t<div class=\"elementor-icon-box-icon\">\n\t\t\t\t<span  class=\"elementor-icon\">\n\t\t\t\t<i aria-hidden=\"true\" class=\"lnr lnr-rocket\"><\/i>\t\t\t\t<\/span>\n\t\t\t<\/div>\n\t\t\t\n\t\t\t\t\t\t<div class=\"elementor-icon-box-content\">\n\n\t\t\t\t\t\t\t\t\t<h3 class=\"elementor-icon-box-title\">\n\t\t\t\t\t\t<span  >\n\t\t\t\t\t\t\tFast &amp; Convenient\t\t\t\t\t\t<\/span>\n\t\t\t\t\t<\/h3>\n\t\t\t\t\n\t\t\t\t\t\t\t\t\t<p class=\"elementor-icon-box-description\">\n\t\t\t\t\t\tT\u00ecm \u2013 ch\u1ecdn \u2013 \u0111\u1eb7t ch\u1ec9 trong 3 b\u01b0\u1edbc, kh\u00f4ng c\u1ea7n t\u00e0i kho\u1ea3n, kh\u00f4ng m\u1ea5t c\u00f4ng g\u1ecdi \u0111i\u1ec7n.\t\t\t\t\t<\/p>\n\t\t\t\t\n\t\t\t<\/div>\n\t\t\t\n\t\t<\/div>\n\t\t\t\t\t\t<\/div>\n\t\t\t\t<\/div>\n\t\t<div class=\"elementor-element elementor-element-478c3f8 e-con-full animated-fast e-flex elementor-invisible e-con e-child\" data-id=\"478c3f8\" data-element_type=\"container\" data-settings=\"{&quot;background_background&quot;:&quot;classic&quot;,&quot;animation&quot;:&quot;zoomIn&quot;,&quot;animation_delay&quot;:400}\">\n\t\t\t\t<div class=\"elementor-element elementor-element-633d60d elementor-view-stacked elementor-shape-circle elementor-position-top elementor-mobile-position-top elementor-widget elementor-widget-icon-box\" data-id=\"633d60d\" data-element_type=\"widget\" data-widget_type=\"icon-box.default\">\n\t\t\t\t\t\t\t<div class=\"elementor-icon-box-wrapper\">\n\n\t\t\t\t\t\t<div class=\"elementor-icon-box-icon\">\n\t\t\t\t<span  class=\"elementor-icon\">\n\t\t\t\t<i aria-hidden=\"true\" class=\"ti-headphone-alt\"><\/i>\t\t\t\t<\/span>\n\t\t\t<\/div>\n\t\t\t\n\t\t\t\t\t\t<div class=\"elementor-icon-box-content\">\n\n\t\t\t\t\t\t\t\t\t<h3 class=\"elementor-icon-box-title\">\n\t\t\t\t\t\t<span  >\n\t\t\t\t\t\t\tT\u01b0 v\u1ea5n t\u1eadn t\u00e2m\t\t\t\t\t\t<\/span>\n\t\t\t\t\t<\/h3>\n\t\t\t\t\n\t\t\t\t\t\t\t\t\t<p class=\"elementor-icon-box-description\">\n\t\t\t\t\t\tD\u00f9 l\u00e0 v\u00e9 \u0111i c\u00f4ng t\u00e1c, th\u0103m ng\u01b0\u1eddi th\u00e2n hay du l\u1ecbch, \u0111\u1ed9i ng\u0169 c\u1ee7a Limon lu\u00f4n s\u1eb5n s\u00e0ng h\u1ed7 tr\u1ee3.\t\t\t\t\t<\/p>\n\t\t\t\t\n\t\t\t<\/div>\n\t\t\t\n\t\t<\/div>\n\t\t\t\t\t\t<\/div>\n\t\t\t\t<\/div>\n\t\t<div class=\"elementor-element elementor-element-7925f8a e-con-full animated-fast e-flex elementor-invisible e-con e-child\" data-id=\"7925f8a\" data-element_type=\"container\" data-settings=\"{&quot;background_background&quot;:&quot;classic&quot;,&quot;animation&quot;:&quot;zoomIn&quot;,&quot;animation_delay&quot;:600}\">\n\t\t\t\t<div class=\"elementor-element elementor-element-71f2820 elementor-view-stacked elementor-shape-circle elementor-position-top elementor-mobile-position-top elementor-widget elementor-widget-icon-box\" data-id=\"71f2820\" data-element_type=\"widget\" data-widget_type=\"icon-box.default\">\n\t\t\t\t\t\t\t<div class=\"elementor-icon-box-wrapper\">\n\n\t\t\t\t\t\t<div class=\"elementor-icon-box-icon\">\n\t\t\t\t<span  class=\"elementor-icon\">\n\t\t\t\t<i aria-hidden=\"true\" class=\"icon_shield_alt\"><\/i>\t\t\t\t<\/span>\n\t\t\t<\/div>\n\t\t\t\n\t\t\t\t\t\t<div class=\"elementor-icon-box-content\">\n\n\t\t\t\t\t\t\t\t\t<h3 class=\"elementor-icon-box-title\">\n\t\t\t\t\t\t<span  >\n\t\t\t\t\t\t\tSecure &amp; Transparent\t\t\t\t\t\t<\/span>\n\t\t\t\t\t<\/h3>\n\t\t\t\t\n\t\t\t\t\t\t\t\t\t<p class=\"elementor-icon-box-description\">\n\t\t\t\t\t\tTh\u00f4ng tin h\u00e0nh kh\u00e1ch \u0111\u01b0\u1ee3c b\u1ea3o v\u1ec7 tuy\u1ec7t \u0111\u1ed1i \u2013 thanh to\u00e1n an to\u00e0n qua nhi\u1ec1u h\u00ecnh th\u1ee9c.\t\t\t\t\t<\/p>\n\t\t\t\t\n\t\t\t<\/div>\n\t\t\t\n\t\t<\/div>\n\t\t\t\t\t\t<\/div>\n\t\t\t\t<\/div>\n\t\t\t\t<\/div>\n\t\t\t\t\t<\/div>\n\t\t\t\t<\/div>\n\t\t<div class=\"elementor-element elementor-element-c2c379a e-flex e-con-boxed e-con e-parent\" data-id=\"c2c379a\" data-element_type=\"container\" data-settings=\"{&quot;background_background&quot;:&quot;classic&quot;}\">\n\t\t\t\t\t<div class=\"e-con-inner\">\n\t\t\t\t<div class=\"elementor-element elementor-element-8963f5d elementor-widget elementor-widget-heading\" data-id=\"8963f5d\" data-element_type=\"widget\" data-widget_type=\"heading.default\">\n\t\t\t\t\t<h2 class=\"elementor-heading-title elementor-size-default\">H\u01b0\u1edbng d\u1eabn \u0111\u1eb7t v\u00e9 c\u1ef1c \u0111\u01a1n gi\u1ea3n<\/h2>\t\t\t\t<\/div>\n\t\t\t\t<div class=\"elementor-element elementor-element-badff38 elementor-widget elementor-widget-heading\" data-id=\"badff38\" data-element_type=\"widget\" data-widget_type=\"heading.default\">\n\t\t\t\t\t<p class=\"elementor-heading-title elementor-size-default\">Th\u1eddi gian thao t\u00e1c ch\u1ec9 t\u1eeb 2\u20133 ph\u00fat<\/p>\t\t\t\t<\/div>\n\t\t<div class=\"elementor-element elementor-element-3a1cbba e-grid e-con-full e-con e-child\" data-id=\"3a1cbba\" data-element_type=\"container\" data-settings=\"{&quot;background_background&quot;:&quot;classic&quot;}\">\n\t\t<div class=\"elementor-element elementor-element-76ded71 e-con-full e-flex e-con e-child\" data-id=\"76ded71\" data-element_type=\"container\">\n\t\t<div class=\"elementor-element elementor-element-4b4ebf6 e-con-full e-flex e-con e-child\" data-id=\"4b4ebf6\" data-element_type=\"container\">\n\t\t\t\t<div class=\"elementor-element elementor-element-a07a4f3 elementor-widget elementor-widget-heading\" data-id=\"a07a4f3\" data-element_type=\"widget\" data-widget_type=\"heading.default\">\n\t\t\t\t\t<h2 class=\"elementor-heading-title elementor-size-default\">01<\/h2>\t\t\t\t<\/div>\n\t\t\t\t<div class=\"elementor-element elementor-element-273463b elementor-view-default elementor-widget elementor-widget-icon\" data-id=\"273463b\" data-element_type=\"widget\" data-widget_type=\"icon.default\">\n\t\t\t\t\t\t\t<div class=\"elementor-icon-wrapper\">\n\t\t\t<div class=\"elementor-icon\">\n\t\t\t<i aria-hidden=\"true\" class=\"lnr lnr-arrow-right\"><\/i>\t\t\t<\/div>\n\t\t<\/div>\n\t\t\t\t\t\t<\/div>\n\t\t\t\t<\/div>\n\t\t\t\t<div class=\"elementor-element elementor-element-202d794 elementor-widget elementor-widget-heading\" data-id=\"202d794\" data-element_type=\"widget\" data-widget_type=\"heading.default\">\n\t\t\t\t\t<h2 class=\"elementor-heading-title elementor-size-default\">Nh\u1eadp \u0111i\u1ec3m \u0111i \u2013 \u0111i\u1ec3m \u0111\u1ebfn \u2013 ng\u00e0y bay<\/h2>\t\t\t\t<\/div>\n\t\t\t\t<\/div>\n\t\t<div class=\"elementor-element elementor-element-0e0bbd3 e-con-full e-flex e-con e-child\" data-id=\"0e0bbd3\" data-element_type=\"container\">\n\t\t<div class=\"elementor-element elementor-element-f837f75 e-con-full e-flex e-con e-child\" data-id=\"f837f75\" data-element_type=\"container\">\n\t\t\t\t<div class=\"elementor-element elementor-element-56d711c elementor-widget elementor-widget-heading\" data-id=\"56d711c\" data-element_type=\"widget\" data-widget_type=\"heading.default\">\n\t\t\t\t\t<h2 class=\"elementor-heading-title elementor-size-default\">02<\/h2>\t\t\t\t<\/div>\n\t\t\t\t<div class=\"elementor-element elementor-element-795037a elementor-view-default elementor-widget elementor-widget-icon\" data-id=\"795037a\" data-element_type=\"widget\" data-widget_type=\"icon.default\">\n\t\t\t\t\t\t\t<div class=\"elementor-icon-wrapper\">\n\t\t\t<div class=\"elementor-icon\">\n\t\t\t<i aria-hidden=\"true\" class=\"lnr lnr-arrow-right\"><\/i>\t\t\t<\/div>\n\t\t<\/div>\n\t\t\t\t\t\t<\/div>\n\t\t\t\t<\/div>\n\t\t\t\t<div class=\"elementor-element elementor-element-b09cbcc elementor-widget elementor-widget-heading\" data-id=\"b09cbcc\" data-element_type=\"widget\" data-widget_type=\"heading.default\">\n\t\t\t\t\t<h2 class=\"elementor-heading-title elementor-size-default\">Xem &amp; ch\u1ecdn chuy\u1ebfn bay ph\u00f9 h\u1ee3p<\/h2>\t\t\t\t<\/div>\n\t\t\t\t<\/div>\n\t\t<div class=\"elementor-element elementor-element-869a627 e-con-full e-flex e-con e-child\" data-id=\"869a627\" data-element_type=\"container\">\n\t\t<div class=\"elementor-element elementor-element-9402bb9 e-con-full e-flex e-con e-child\" data-id=\"9402bb9\" data-element_type=\"container\">\n\t\t\t\t<div class=\"elementor-element elementor-element-a438ab2 elementor-widget elementor-widget-heading\" data-id=\"a438ab2\" data-element_type=\"widget\" data-widget_type=\"heading.default\">\n\t\t\t\t\t<h2 class=\"elementor-heading-title elementor-size-default\">03<\/h2>\t\t\t\t<\/div>\n\t\t\t\t<div class=\"elementor-element elementor-element-4d51766 elementor-view-default elementor-widget elementor-widget-icon\" data-id=\"4d51766\" data-element_type=\"widget\" data-widget_type=\"icon.default\">\n\t\t\t\t\t\t\t<div class=\"elementor-icon-wrapper\">\n\t\t\t<div class=\"elementor-icon\">\n\t\t\t<i aria-hidden=\"true\" class=\"lnr lnr-checkmark-circle\"><\/i>\t\t\t<\/div>\n\t\t<\/div>\n\t\t\t\t\t\t<\/div>\n\t\t\t\t<\/div>\n\t\t\t\t<div class=\"elementor-element elementor-element-6bbaf99 elementor-widget elementor-widget-heading\" data-id=\"6bbaf99\" data-element_type=\"widget\" data-widget_type=\"heading.default\">\n\t\t\t\t\t<h2 class=\"elementor-heading-title elementor-size-default\">Nh\u1eadp th\u00f4ng tin, thanh to\u00e1n &amp; nh\u1eadn v\u00e9 qua email<\/h2>\t\t\t\t<\/div>\n\t\t\t\t<\/div>\n\t\t\t\t<\/div>\n\t\t\t\t\t<\/div>\n\t\t\t\t<\/div>\n\t\t\t\t<\/div>","protected":false},"excerpt":{"rendered":"<p>Limon Travels Book Flights Online with Real-Time Pricing Fly anywhere \u2013 Fast search \u2013 easy booking Book flight tickets Flight Search Why Thousands of Travelers Choose Limon Travels Accurate &#038; Real-Time Flight Data Our system is directly synced with a top-tier primary agency, ensuring up-to-date pricing and flight availability. Fast &#038; Convenient Search \u2013 Select [&hellip;]<\/p>","protected":false},"author":1,"featured_media":0,"parent":0,"menu_order":0,"comment_status":"closed","ping_status":"closed","template":"","meta":{"footnotes":""},"class_list":["post-217","page","type-page","status-publish","hentry"],"_links":{"self":[{"href":"https:\/\/limontravels.com\/vi\/wp-json\/wp\/v2\/pages\/217","targetHints":{"allow":["GET"]}}],"collection":[{"href":"https:\/\/limontravels.com\/vi\/wp-json\/wp\/v2\/pages"}],"about":[{"href":"https:\/\/limontravels.com\/vi\/wp-json\/wp\/v2\/types\/page"}],"author":[{"embeddable":true,"href":"https:\/\/limontravels.com\/vi\/wp-json\/wp\/v2\/users\/1"}],"replies":[{"embeddable":true,"href":"https:\/\/limontravels.com\/vi\/wp-json\/wp\/v2\/comments?post=217"}],"version-history":[{"count":43,"href":"https:\/\/limontravels.com\/vi\/wp-json\/wp\/v2\/pages\/217\/revisions"}],"predecessor-version":[{"id":274,"href":"https:\/\/limontravels.com\/vi\/wp-json\/wp\/v2\/pages\/217\/revisions\/274"}],"wp:attachment":[{"href":"https:\/\/limontravels.com\/vi\/wp-json\/wp\/v2\/media?parent=217"}],"curies":[{"name":"wp","href":"https:\/\/api.w.org\/{rel}","templated":true}]}}